{"id":371,"date":"2023-06-12T11:13:27","date_gmt":"2023-06-12T11:13:27","guid":{"rendered":"https:\/\/www.synchronet.my\/iecomonics\/forgot\/"},"modified":"2023-06-12T11:14:02","modified_gmt":"2023-06-12T11:14:02","slug":"forgot","status":"publish","type":"page","link":"https:\/\/ieconomics.uis.edu.my\/ar\/forgot\/","title":{"rendered":"Forgot Password?"},"content":{"rendered":"<div class=\"uwp-forgot-class bsui sdel-dcccbc9f\" ><div class=\"uwp_widgets uwp_widget_forgot\"><div class=\"uwp_page\">\t<div class=\"row\">\n\t\t<div class=\"card mx-auto container-fluid p-0 border-0\" >\n\t\t\t\t\t\t<div class=\"card-body\">\n\t\t\t\t<h3 class=\"card-title text-center mb-4\">Forgot Password?<\/h3>\n\t\t\t\t\n\t\t\t\t<form class=\"uwp-forgot-form uwp_form\" method=\"post\" action=\"\">\n\n\t\t\t\t\t<div data-argument=\"email\" class=\"form-group\" ><label for=\"email\" class=\"sr-only\">\u00d8\u00a8\u00d8\u00b1\u00d9\u0160\u00d8\u00af \u00d8\u00a5\u00d9\u201e\u00d9\u0192\u00d8\u00aa\u00d8\u00b1\u00d9\u02c6\u00d9\u2020\u00d9\u0160 <span class=\"text-danger\">*<\/span><\/label><input type=\"email\"  name=\"email\"  id=\"email\"  placeholder=\"Email *\"  title=\"\u00d8\u00a8\u00d8\u00b1\u00d9\u0160\u00d8\u00af \u00d8\u00a5\u00d9\u201e\u00d9\u0192\u00d8\u00aa\u00d8\u00b1\u00d9\u02c6\u00d9\u2020\u00d9\u0160\"  required class=\"form-control\" ><\/div><input type=\"hidden\" name=\"uwp_forgot_nonce\" value=\"835559bb61\" \/><button type=\"submit\"  name=\"uwp_forgot_submit\"  class=\"btn btn-primary btn-block text-uppercase uwp_forgot_submit\"  >Submit<\/button>\n\n\t\t\t\t\t<div class=\"uwp-footer-links\">\n\t\t\t\t\t\t<div class=\"uwp-footer-link float-left\">\n\t\t\t\t\t\t\t<a href=\"https:\/\/ieconomics.uis.edu.my\/ar\/login-2\/\" class=\"d-block text-center mt-2 small uwp-login-link\"  rel=\"nofollow\"  >Login<\/a>\n\t\t\t\t\t\t<\/div>\n\t\t\t\t\t\t<div class=\"uwp-footer-link float-right\">\n\t\t\t\t\t\t\t<a href=\"https:\/\/ieconomics.uis.edu.my\/ar\/register-2\/\" class=\"d-block text-center mt-2 small uwp-register-link\"  rel=\"nofollow\"  >Create account<\/a>\n\t\t\t\t\t\t<\/div>\n\t\t\t\t\t<\/div>\n\n\t\t\t\t<input type=\"hidden\" name=\"trp-form-language\" value=\"ar\"\/><\/form>\n\n\t\t\t<\/div>\n\t\t<\/div>\n\t<\/div>\n<\/div><\/div><\/div>","protected":false},"excerpt":{"rendered":"","protected":false},"author":63,"featured_media":0,"parent":0,"menu_order":0,"comment_status":"closed","ping_status":"closed","template":"","meta":{"footnotes":""},"class_list":["post-371","page","type-page","status-publish","hentry"],"_links":{"self":[{"href":"https:\/\/ieconomics.uis.edu.my\/ar\/wp-json\/wp\/v2\/pages\/371","targetHints":{"allow":["GET"]}}],"collection":[{"href":"https:\/\/ieconomics.uis.edu.my\/ar\/wp-json\/wp\/v2\/pages"}],"about":[{"href":"https:\/\/ieconomics.uis.edu.my\/ar\/wp-json\/wp\/v2\/types\/page"}],"author":[{"embeddable":true,"href":"https:\/\/ieconomics.uis.edu.my\/ar\/wp-json\/wp\/v2\/users\/63"}],"replies":[{"embeddable":true,"href":"https:\/\/ieconomics.uis.edu.my\/ar\/wp-json\/wp\/v2\/comments?post=371"}],"version-history":[{"count":2,"href":"https:\/\/ieconomics.uis.edu.my\/ar\/wp-json\/wp\/v2\/pages\/371\/revisions"}],"predecessor-version":[{"id":1196,"href":"https:\/\/ieconomics.uis.edu.my\/ar\/wp-json\/wp\/v2\/pages\/371\/revisions\/1196"}],"wp:attachment":[{"href":"https:\/\/ieconomics.uis.edu.my\/ar\/wp-json\/wp\/v2\/media?parent=371"}],"curies":[{"name":"wp","href":"https:\/\/api.w.org\/{rel}","templated":true}]}}