{"id":3364,"date":"2026-01-05T02:27:30","date_gmt":"2026-01-05T02:27:30","guid":{"rendered":"https:\/\/ieconomics.uis.edu.my\/register-2\/"},"modified":"2026-01-05T02:27:30","modified_gmt":"2026-01-05T02:27:30","slug":"register-2","status":"publish","type":"page","link":"https:\/\/ieconomics.uis.edu.my\/ar\/register-2\/","title":{"rendered":"Register"},"content":{"rendered":"<div class=\"uwp-register-class bsui sdel-240aa5ef\" ><div class=\"uwp_widgets uwp_widget_register\"><div class=\"uwp_page wpbs\">    <div class=\"row\">\n        <div class=\"card mx-auto container-fluid p-0 border-0\" >\n\t\t\t            <div class=\"card-body\">\n\t\t\t\t<h3 class=\"card-title text-center mb-4\">Register<\/h3>\n                <form class=\"uwp-registration-form uwp_form\" method=\"post\" enctype=\"multipart\/form-data\" action=\"\">\n\t\t\t\t\t<div data-argument=\"first_name\" class=\"form-group\" ><label for=\"first_name\" class=\"sr-only\">First Name <span class=\"text-danger\">*<\/span><\/label><input type=\"text\"  name=\"first_name\"  id=\"first_name\"  placeholder=\"First Name *\"  title=\"First Name\"  required class=\"form-control\" ><\/div><div data-argument=\"last_name\" class=\"form-group\" ><label for=\"last_name\" class=\"sr-only\">Last Name <span class=\"text-danger\">*<\/span><\/label><input type=\"text\"  name=\"last_name\"  id=\"last_name\"  placeholder=\"Last Name *\"  title=\"Last Name\"  required class=\"form-control\" ><\/div><div data-argument=\"username\" class=\"form-group\" ><label for=\"username\" class=\"sr-only\">Username <span class=\"text-danger\">*<\/span><\/label><input type=\"text\"  name=\"username\"  id=\"username\"  placeholder=\"Username *\"  title=\"Username\"  required class=\"form-control\" ><\/div><div data-argument=\"email\" class=\"form-group\" ><label for=\"email\" class=\"sr-only\">\u00d8\u00a8\u00d8\u00b1\u00d9\u0160\u00d8\u00af \u00d8\u00a5\u00d9\u201e\u00d9\u0192\u00d8\u00aa\u00d8\u00b1\u00d9\u02c6\u00d9\u2020\u00d9\u0160 <span class=\"text-danger\">*<\/span><\/label><input type=\"email\"  name=\"email\"  id=\"email\"  placeholder=\"Email *\"  title=\"\u00d8\u00a8\u00d8\u00b1\u00d9\u0160\u00d8\u00af \u00d8\u00a5\u00d9\u201e\u00d9\u0192\u00d8\u00aa\u00d8\u00b1\u00d9\u02c6\u00d9\u2020\u00d9\u0160\"  required class=\"form-control\" ><\/div><div data-argument=\"password\" class=\"form-group uwp-password-wrap\" ><label for=\"password\" class=\"sr-only\">Password <span class=\"text-danger\">*<\/span><\/label><div class=\"input-group\" ><input type=\"password\"  name=\"password\"  id=\"password\"  placeholder=\"Password *\"  title=\"Password\"  required class=\"form-control\" ><div class=\"input-group-append\" style=\"top:0;right:0;\"><span class=\"input-group-text c-pointer px-3\" \nonclick=\"var $el = jQuery(this).find('i');$el.toggleClass('fa-eye fa-eye-slash');var $eli = jQuery(this).parent().parent().find('input');if($el.hasClass('fa-eye')){$eli.attr('type','text');}else{$eli.attr('type','password');}\"\n><i class=\"far fa-fw fa-eye-slash\"><\/i><\/span><\/div><\/div><\/div><div data-argument=\"confirm_password\" class=\"form-group uwp-password-wrap\" ><label for=\"confirm_password\" class=\"sr-only\">Confirm Password <span class=\"text-danger\">*<\/span><\/label><div class=\"input-group\" ><input type=\"password\"  name=\"confirm_password\"  id=\"confirm_password\"  placeholder=\"Confirm Password *\"  title=\"Confirm Password\"  required class=\"form-control\" ><div class=\"input-group-append\" style=\"top:0;right:0;\"><span class=\"input-group-text c-pointer px-3\" \nonclick=\"var $el = jQuery(this).find('i');$el.toggleClass('fa-eye fa-eye-slash');var $eli = jQuery(this).parent().parent().find('input');if($el.hasClass('fa-eye')){$eli.attr('type','text');}else{$eli.attr('type','password');}\"\n><i class=\"far fa-fw fa-eye-slash\"><\/i><\/span><\/div><\/div><\/div><input type=\"hidden\" name=\"redirect_to\" value=\"https:\/\/ieconomics.uis.edu.my\/ar\"\/><input type=\"hidden\" name=\"uwp_register_hash\" value=\"e6655b047baf3fb577b6dbc1f\" style=\"display:none !important; visibility:hidden !important;\" \/><input type=\"hidden\" name=\"uwp_register_hp\" value=\"\" style=\"display:none !important; visibility:hidden !important;\" size=\"25\" autocomplete=\"off\" \/><input type=\"hidden\" name=\"uwp_register_nonce\" value=\"58c8ab8c19\" \/><input type=\"hidden\" name=\"uwp_register_form_id\" value=\"1\"><button type=\"submit\"  name=\"uwp_register_submit\"  class=\"btn btn-primary btn-block text-uppercase uwp_register_submit\"  >Create account<\/button>\n                <input type=\"hidden\" name=\"trp-form-language\" value=\"ar\"\/><\/form>\n\n                <div class=\"uwp-footer-links\">\n                    <div class=\"uwp-footer-link\">\n\t\t\t\t\t\t<a href=\"https:\/\/ieconomics.uis.edu.my\/ar\/login-2\/\" class=\"d-block text-center mt-2 small uwp-login-link\"  rel=\"nofollow\"  >Login<\/a>\n                    <\/div>\n                <\/div>\n\n                <div class=\"form-group text-center mb-0 p-0\">\n\t\t\t\t\t                <\/div>\n\n            <\/div>\n        <\/div>\n    <\/div>\n<\/div><\/div>\t<script>\n        jQuery( document ).ready( function( $ ) {\n\n            $( 'body' ).on( 'keyup', 'input[name=password], input[name=confirm_password]',\n                function( event ) {\n                    var $form = $(this).closest('form');\n                    if( ! $form.hasClass('uwp-login-form') ) {\n                        uwp_checkPasswordStrength(\n                            $('input[name=password]', $form),         \/\/ First password field\n                            $('input[name=confirm_password]', $form), \/\/ Second password field\n                            $('#uwp-password-strength', $form),           \/\/ Strength meter\n                            $('input[type=submit]', $form),           \/\/ Submit button\n                            ['black', 'listed', 'word']        \/\/ Blacklisted words\n                        );\n                    }\n                }\n            );\n        });\n\t<\/script>\n\t<\/div>","protected":false},"excerpt":{"rendered":"","protected":false},"author":63,"featured_media":0,"parent":0,"menu_order":0,"comment_status":"closed","ping_status":"closed","template":"","meta":{"footnotes":""},"class_list":["post-3364","page","type-page","status-publish","hentry"],"_links":{"self":[{"href":"https:\/\/ieconomics.uis.edu.my\/ar\/wp-json\/wp\/v2\/pages\/3364","targetHints":{"allow":["GET"]}}],"collection":[{"href":"https:\/\/ieconomics.uis.edu.my\/ar\/wp-json\/wp\/v2\/pages"}],"about":[{"href":"https:\/\/ieconomics.uis.edu.my\/ar\/wp-json\/wp\/v2\/types\/page"}],"author":[{"embeddable":true,"href":"https:\/\/ieconomics.uis.edu.my\/ar\/wp-json\/wp\/v2\/users\/63"}],"replies":[{"embeddable":true,"href":"https:\/\/ieconomics.uis.edu.my\/ar\/wp-json\/wp\/v2\/comments?post=3364"}],"version-history":[{"count":0,"href":"https:\/\/ieconomics.uis.edu.my\/ar\/wp-json\/wp\/v2\/pages\/3364\/revisions"}],"wp:attachment":[{"href":"https:\/\/ieconomics.uis.edu.my\/ar\/wp-json\/wp\/v2\/media?parent=3364"}],"curies":[{"name":"wp","href":"https:\/\/api.w.org\/{rel}","templated":true}]}}